{"id":7,"date":"2021-01-14T03:51:53","date_gmt":"2021-01-14T02:51:53","guid":{"rendered":"https:\/\/www.premium-scm.fr\/?page_id=7"},"modified":"2021-01-25T13:01:50","modified_gmt":"2021-01-25T12:01:50","slug":"7-2","status":"publish","type":"page","link":"https:\/\/www.premium-scm.fr\/","title":{"rendered":"Accueil"},"content":{"rendered":"<p>[et_pb_section fb_built=\u00a0\u00bb1&Prime; fullwidth=\u00a0\u00bbon\u00a0\u00bb module_id=\u00a0\u00bbhome_section\u00a0\u00bb _builder_version=\u00a0\u00bb4.8.0&Prime; _module_preset=\u00a0\u00bbdefault\u00a0\u00bb use_background_color_gradient=\u00a0\u00bbon\u00a0\u00bb background_color_gradient_start=\u00a0\u00bbrgba(5,7,69,0.94)\u00a0\u00bb background_color_gradient_end=\u00a0\u00bbrgba(0,0,0,0)\u00a0\u00bb background_color_gradient_start_position=\u00a0\u00bb22.43%\u00a0\u00bb background_color_gradient_end_position=\u00a0\u00bb122.53%\u00a0\u00bb][et_pb_fullwidth_slider module_id=\u00a0\u00bbslide_home\u00a0\u00bb _builder_version=\u00a0\u00bb4.8.0&Prime; _module_preset=\u00a0\u00bbdefault\u00a0\u00bb animation_direction=\u00a0\u00bbright\u00a0\u00bb][et_pb_slide heading=\u00a0\u00bbAgence m\u00e9dia ind\u00e9pendante\u00a0\u00bb _builder_version=\u00a0\u00bb4.8.0&Prime; _module_preset=\u00a0\u00bbdefault\u00a0\u00bb header_level=\u00a0\u00bbh1&Prime; background_enable_color=\u00a0\u00bboff\u00a0\u00bb use_background_color_gradient=\u00a0\u00bbon\u00a0\u00bb background_color_gradient_start=\u00a0\u00bbrgba(5,7,69,0.94)\u00a0\u00bb background_color_gradient_end=\u00a0\u00bbrgba(0,0,0,0)\u00a0\u00bb background_color_gradient_start_position=\u00a0\u00bb22.43%\u00a0\u00bb background_color_gradient_end_position=\u00a0\u00bb122.53%\u00a0\u00bb background_color_gradient_overlays_image=\u00a0\u00bbon\u00a0\u00bb background_image=\u00a0\u00bbhttps:\/\/www.premium-scm.fr\/wp-content\/uploads\/2021\/01\/devices.jpg\u00a0\u00bb background_enable_image=\u00a0\u00bbon\u00a0\u00bb hover_transition_speed_curve=\u00a0\u00bbease-in-out\u00a0\u00bb sticky_transition=\u00a0\u00bbon\u00a0\u00bb] Vos objectifs qualitatifs et quantitatifs sont atteints gr\u00e2ce \u00e0 un accompagnement sur-mesure : cr\u00e9ativit\u00e9 pour garantir l\u2019impact de vos messages, rigueur dans la gestion des budgets et une confiance r\u00e9ciproque reposant sur notre exp\u00e9rience de 26 ans. [\/et_pb_slide][et_pb_slide heading=\u00a0\u00bbNEWS \/\/ EFFIE 2020&Prime; _builder_version=\u00a0\u00bb4.8.0&Prime; _module_preset=\u00a0\u00bbdefault\u00a0\u00bb header_level=\u00a0\u00bbh1&Prime; background_enable_color=\u00a0\u00bboff\u00a0\u00bb use_background_color_gradient=\u00a0\u00bbon\u00a0\u00bb background_color_gradient_start=\u00a0\u00bbrgba(5,7,69,0.94)\u00a0\u00bb background_color_gradient_end=\u00a0\u00bbrgba(0,0,0,0)\u00a0\u00bb background_color_gradient_start_position=\u00a0\u00bb22.43%\u00a0\u00bb background_color_gradient_end_position=\u00a0\u00bb122.53%\u00a0\u00bb background_color_gradient_overlays_image=\u00a0\u00bbon\u00a0\u00bb background_image=\u00a0\u00bbhttps:\/\/www.premium-scm.fr\/wp-content\/uploads\/2021\/01\/effie_2020.jpg\u00a0\u00bb background_enable_image=\u00a0\u00bbon\u00a0\u00bb sticky_transition=\u00a0\u00bbon\u00a0\u00bb]<\/p>\n<p>Prix EFFIE Bronze 2020 d\u00e9cern\u00e9 pour la campagne \u00ab Emma\u00fcs en Danger \u00bb\u00a0<span class=\"souligne_bleu bold\"><a target=\"_blank\" href=\"https:\/\/www.linkedin.com\/company\/emma%C3%BCs-france\/\" rel=\"noopener\">Emma\u00fcs France<\/a><\/span>\u00a0, dans la cat\u00e9gorie ONG ! <\/p>\n<p>Le dispositif : Un film TV en deux formats de 45s et 20s et un spot Radio de 30s<br \/>Une s\u00e9rie de 3 annonces presses Un dispositif digital compos\u00e9 notamment de banni\u00e8res, annonces internet, films tv et dispotifif matching-gift. Plus d&rsquo;1 Million d&rsquo;\u20ac de gracieux r\u00e9colt\u00e9s !<\/p>\n<p>[\/et_pb_slide][et_pb_slide heading=\u00a0\u00bbNEWS \/\/ BRAND CONTENT\u00a0\u00bb _builder_version=\u00a0\u00bb4.8.0&Prime; _module_preset=\u00a0\u00bbdefault\u00a0\u00bb header_level=\u00a0\u00bbh1&Prime; background_enable_color=\u00a0\u00bboff\u00a0\u00bb use_background_color_gradient=\u00a0\u00bbon\u00a0\u00bb background_color_gradient_start=\u00a0\u00bbrgba(5,7,69,0.94)\u00a0\u00bb background_color_gradient_end=\u00a0\u00bbrgba(0,0,0,0)\u00a0\u00bb background_color_gradient_start_position=\u00a0\u00bb22.43%\u00a0\u00bb background_color_gradient_end_position=\u00a0\u00bb122.53%\u00a0\u00bb background_color_gradient_overlays_image=\u00a0\u00bbon\u00a0\u00bb background_image=\u00a0\u00bbhttps:\/\/www.premium-scm.fr\/wp-content\/uploads\/2021\/01\/devices.jpg\u00a0\u00bb background_enable_image=\u00a0\u00bbon\u00a0\u00bb sticky_transition=\u00a0\u00bbon\u00a0\u00bb]Premium est ravi d\u2019avoir lanc\u00e9 et \u00e9labor\u00e9 la premi\u00e8re s\u00e9rie de Podcasts de l\u2019<span class=\"souligne_bleu bold\"><a href=\"https:\/\/www.linkedin.com\/company\/institut-pasteur\/\" target=\"_blank\" rel=\"noopener\">Institut Pasteur<\/a><\/span> en collaboration avec\u00a0<a class=\"souligne_bleu  bold\" href=\"https:\/\/www.linkedin.com\/company\/radio-france\/\" target=\"_blank\" rel=\"noopener\">Radio France<\/a>  Venez d\u00e9couvrir les diff\u00e9rentes activit\u00e9s de recherches de l\u2019institut relat\u00e9es par les chercheurs :<br \/>\n<span class=\"souligne_bleu\"><a href=\"https:\/\/play.acast.com\/s\/institut-pasteur-podcasts\/combattrelecancer\" target=\"_blank\" rel=\"noopener\">Combattre le cancer<\/a><\/span> | <span class=\"souligne_bleu\"><a target=\"_blank\" href=\"https:\/\/play.acast.com\/s\/institut-pasteur-podcasts\/combattrelecancer\" rel=\"noopener\">Les podcasts de l&rsquo;Institut Pasteur on Acast<\/a><\/span>[\/et_pb_slide][\/et_pb_fullwidth_slider][\/et_pb_section][et_pb_section fb_built=\u00a0\u00bb1&Prime; _builder_version=\u00a0\u00bb4.8.0&Prime; _module_preset=\u00a0\u00bbdefault\u00a0\u00bb][et_pb_row _builder_version=\u00a0\u00bb4.8.0&Prime; _module_preset=\u00a0\u00bbdefault\u00a0\u00bb][et_pb_column type=\u00a0\u00bb4_4&Prime; _builder_version=\u00a0\u00bb4.8.0&Prime; _module_preset=\u00a0\u00bbdefault\u00a0\u00bb][et_pb_text _builder_version=\u00a0\u00bb4.8.0&Prime; _module_preset=\u00a0\u00bbdefault\u00a0\u00bb]<\/p>\n<h2 class=\"titre_h2 centrer line_down margeauto noir\" style=\"max-width:613px;\">Conception, gestion et optimisation de vos campagnes pluri-m\u00e9dia.<\/h2>\n<p>[\/et_pb_text][\/et_pb_column][\/et_pb_row][et_pb_row column_structure=\u00a0\u00bb1_3,1_3,1_3&Prime; _builder_version=\u00a0\u00bb4.8.0&Prime; _module_preset=\u00a0\u00bbdefault\u00a0\u00bb][et_pb_column type=\u00a0\u00bb1_3&Prime; _builder_version=\u00a0\u00bb4.8.0&Prime; _module_preset=\u00a0\u00bbdefault\u00a0\u00bb][et_pb_blurb title=\u00a0\u00bbConseil Media\u00a0\u00bb image=\u00a0\u00bbhttps:\/\/www.premium-scm.fr\/wp-content\/uploads\/2021\/01\/icone-social-media.png\u00a0\u00bb alt=\u00a0\u00bbic\u00f4ne social media\u00a0\u00bb module_id=\u00a0\u00bbresume_metier\u00a0\u00bb _builder_version=\u00a0\u00bb4.8.0&Prime; _module_preset=\u00a0\u00bbdefault\u00a0\u00bb animation_style=\u00a0\u00bbfade\u00a0\u00bb animation_duration=\u00a0\u00bb1050ms\u00a0\u00bb animation_delay=\u00a0\u00bb250ms\u00a0\u00bb]Conna\u00eetre votre march\u00e9, vos clients, vos enjeux pour d\u00e9finir les axes strat\u00e9giques de vos campagnes face aux concurrents.<br \/>\nNos \u00e9quipes[\/et_pb_blurb][\/et_pb_column][et_pb_column type=\u00a0\u00bb1_3&Prime; _builder_version=\u00a0\u00bb4.8.0&Prime; _module_preset=\u00a0\u00bbdefault\u00a0\u00bb][et_pb_blurb title=\u00a0\u00bbAchat d\u2019espaces\u00a0\u00bb image=\u00a0\u00bbhttps:\/\/www.premium-scm.fr\/wp-content\/uploads\/2021\/01\/icone-achat.png\u00a0\u00bb alt=\u00a0\u00bbIc\u00f4ne achat\u00a0\u00bb module_id=\u00a0\u00bbresume_metier\u00a0\u00bb _builder_version=\u00a0\u00bb4.8.0&Prime; _module_preset=\u00a0\u00bbdefault\u00a0\u00bb animation_style=\u00a0\u00bbfade\u00a0\u00bb animation_duration=\u00a0\u00bb1050ms\u00a0\u00bb animation_delay=\u00a0\u00bb350ms\u00a0\u00bb]En plus d\u2019obtenir les meilleurs prix pour la diffusion de vos campagnes, nous int\u00e9grons l\u2019analyse et l\u2019interpr\u00e9tation de la data pour garantir un ROI fort et grandissant.[\/et_pb_blurb][\/et_pb_column][et_pb_column type=\u00a0\u00bb1_3&Prime; _builder_version=\u00a0\u00bb4.8.0&Prime; _module_preset=\u00a0\u00bbdefault\u00a0\u00bb][et_pb_blurb title=\u00a0\u00bbMesure &#038; suivi\u00a0\u00bb image=\u00a0\u00bbhttps:\/\/www.premium-scm.fr\/wp-content\/uploads\/2021\/01\/icone-statistiques.png\u00a0\u00bb alt=\u00a0\u00bbIcone statistique\u00a0\u00bb module_id=\u00a0\u00bbresume_metier\u00a0\u00bb _builder_version=\u00a0\u00bb4.8.0&Prime; _module_preset=\u00a0\u00bbdefault\u00a0\u00bb animation_style=\u00a0\u00bbfade\u00a0\u00bb animation_duration=\u00a0\u00bb1050ms\u00a0\u00bb animation_delay=\u00a0\u00bb450ms\u00a0\u00bb]Les \u00e9volutions rapides et parfois brutales de l\u2019univers publicitaire ne sont plus des obstacles gr\u00e2ce \u00e0 la d\u00e9finition de KPI et d\u2019objectifs forts que nous suivons au quotidien.[\/et_pb_blurb][\/et_pb_column][\/et_pb_row][et_pb_row _builder_version=\u00a0\u00bb4.8.0&Prime; _module_preset=\u00a0\u00bbdefault\u00a0\u00bb][et_pb_column type=\u00a0\u00bb4_4&Prime; _builder_version=\u00a0\u00bb4.8.0&Prime; _module_preset=\u00a0\u00bbdefault\u00a0\u00bb][et_pb_text admin_label=\u00a0\u00bbCTA\u00a0\u00bb _builder_version=\u00a0\u00bb4.8.0&Prime; _module_preset=\u00a0\u00bbdefault\u00a0\u00bb]<\/p>\n<p class=\"cta-bleu margeauto\"><a href=\"\/expertises\">je consulte en d\u00e9tail les expertises<\/a><\/p>\n<p>[\/et_pb_text][\/et_pb_column][\/et_pb_row][\/et_pb_section][et_pb_section fb_built=\u00a0\u00bb1&Prime; module_id=\u00a0\u00bbsection_independance\u00a0\u00bb _builder_version=\u00a0\u00bb4.8.0&Prime; _module_preset=\u00a0\u00bbdefault\u00a0\u00bb use_background_color_gradient=\u00a0\u00bbon\u00a0\u00bb background_color_gradient_start=\u00a0\u00bbrgba(0,0,0,0.87)\u00a0\u00bb background_color_gradient_end=\u00a0\u00bbrgba(0,0,0,0)\u00a0\u00bb background_color_gradient_direction=\u00a0\u00bb54.73deg\u00a0\u00bb background_color_gradient_start_position=\u00a0\u00bb22.59%\u00a0\u00bb background_color_gradient_end_position=\u00a0\u00bb93.59%\u00a0\u00bb background_color_gradient_overlays_image=\u00a0\u00bbon\u00a0\u00bb background_image=\u00a0\u00bbhttps:\/\/www.premium-scm.fr\/wp-content\/uploads\/2021\/01\/onglet.jpg\u00a0\u00bb][et_pb_row column_structure=\u00a0\u00bb2_5,3_5&Prime; _builder_version=\u00a0\u00bb4.8.0&Prime; _module_preset=\u00a0\u00bbdefault\u00a0\u00bb][et_pb_column type=\u00a0\u00bb2_5&Prime; module_id=\u00a0\u00bbcolonne_one\u00a0\u00bb _builder_version=\u00a0\u00bb4.8.0&Prime; _module_preset=\u00a0\u00bbdefault\u00a0\u00bb][et_pb_image src=\u00a0\u00bbhttps:\/\/www.premium-scm.fr\/wp-content\/uploads\/2021\/01\/laptop.png\u00a0\u00bb alt=\u00a0\u00bbordinateur portable\u00a0\u00bb title_text=\u00a0\u00bblaptop\u00a0\u00bb module_id=\u00a0\u00bbimage_independance\u00a0\u00bb _builder_version=\u00a0\u00bb4.8.0&Prime; _module_preset=\u00a0\u00bbdefault\u00a0\u00bb][\/et_pb_image][\/et_pb_column][et_pb_column type=\u00a0\u00bb3_5&Prime; module_id=\u00a0\u00bbcolonne_two\u00a0\u00bb _builder_version=\u00a0\u00bb4.8.0&Prime; _module_preset=\u00a0\u00bbdefault\u00a0\u00bb][et_pb_tabs module_id=\u00a0\u00bbtab_mission\u00a0\u00bb _builder_version=\u00a0\u00bb4.8.0&Prime; _module_preset=\u00a0\u00bbdefault\u00a0\u00bb][et_pb_tab title=\u00a0\u00bbInd\u00e9pendance et qualit\u00e9 de service\u00a0\u00bb _builder_version=\u00a0\u00bb4.8.0&Prime; _module_preset=\u00a0\u00bbdefault\u00a0\u00bb]<\/p>\n<h3 class=\"titre_h3 padding40 borderbas hide-mobile\">Ind\u00e9pendance et qualit\u00e9 de service<\/h3>\n<p class=\"p_content\">Premium, une des principales agences fondatrices de l\u2019AAMI vous garantie une libert\u00e9 de ton, un choix ad\u2019hoc des prestataires et une qualit\u00e9 de service en continu. <\/p>\n<p><!--\n\n<p class=\"cta-white\"><a href=\"\/contact\"> je d\u00e9couvre les valeurs et l\u2019ADN de l\u2019agence<\/a><\/p>\n\n-->[\/et_pb_tab][et_pb_tab title=\u00a0\u00bbUn accompagnement sur-mesure\u00a0\u00bb _builder_version=\u00a0\u00bb4.8.0&Prime; _module_preset=\u00a0\u00bbdefault\u00a0\u00bb]<\/p>\n<h3 class=\"titre_h3 padding40 borderbas hide-mobile\">Un accompagnement sur-mesure<\/h3>\n<p class=\"p_content\">Le process d\u2019accompagnement se fera sur mesure en fonction de vos besoins avec une \u00e9quipe d\u00e9di\u00e9e et experte de vos probl\u00e9matiques.<\/p>\n<p><!--\n\n<p class=\"cta-white\"><a href=\"\/contact\"> je d\u00e9couvre les valeurs et l\u2019ADN de l\u2019agence<\/a><\/p>\n\n-->[\/et_pb_tab][et_pb_tab title=\u00a0\u00bbL\u2019exp\u00e9rience  et la r\u00e9activit\u00e9\u00a0\u00bb _builder_version=\u00a0\u00bb4.8.0&Prime; _module_preset=\u00a0\u00bbdefault\u00a0\u00bb]<\/p>\n<h3 class=\"titre_h3 padding40 borderbas hide-mobile\">L\u2019exp\u00e9rience  et la r\u00e9activit\u00e9<\/h3>\n<p class=\"p_content\">Une \u00e9quipe experte et s\u00e9nior \u00e0 disposition pour vous fournir le meilleur service. Flexibilit\u00e9 et r\u00e9activit\u00e9 seront les ma\u00eetres mots pour vous accompagner au quotidien.<\/p>\n<p><!--\n\n<p class=\"cta-white\"><a href=\"\/contact\"> je d\u00e9couvre les valeurs et l\u2019ADN de l\u2019agence<\/a><\/p>\n\n-->[\/et_pb_tab][et_pb_tab title=\u00a0\u00bbDes outils  de pointe\u00a0\u00bb _builder_version=\u00a0\u00bb4.8.0&Prime; _module_preset=\u00a0\u00bbdefault\u00a0\u00bb]<\/p>\n<h3 class=\"titre_h3 padding40 borderbas hide-mobile\">Des outils  de pointe<\/h3>\n<p class=\"p_content\">Choix et mise en place des outils les plus performants du march\u00e9 pour r\u00e9pondre \u00e0 vos besoins : pige, mediaplanning, drive to web, drive to store\u2026<\/p>\n<p><!--\n\n<p class=\"cta-white\"><a href=\"\/contact\"> je d\u00e9couvre les valeurs et l\u2019ADN de l\u2019agence<\/a><\/p>\n\n-->[\/et_pb_tab][\/et_pb_tabs][\/et_pb_column][\/et_pb_row][\/et_pb_section][et_pb_section fb_built=\u00a0\u00bb1&Prime; _builder_version=\u00a0\u00bb4.8.0&Prime; _module_preset=\u00a0\u00bbdefault\u00a0\u00bb][et_pb_row column_structure=\u00a0\u00bb1_2,1_2&Prime; _builder_version=\u00a0\u00bb4.8.0&Prime; _module_preset=\u00a0\u00bbdefault\u00a0\u00bb][et_pb_column type=\u00a0\u00bb1_2&Prime; _builder_version=\u00a0\u00bb4.8.0&Prime; _module_preset=\u00a0\u00bbdefault\u00a0\u00bb][et_pb_text _builder_version=\u00a0\u00bb4.8.0&Prime; _module_preset=\u00a0\u00bbdefault\u00a0\u00bb]<\/p>\n<p class=\"p_content texte_gros tiret\">Votre temps est pr\u00e9cieux, l\u2019expertise et l\u2019engagement de nos collaborateurs vous guident autant dans les moments strat\u00e9giques que dans la routine.<\/p>\n<p class=\"separation\">\n<p>[\/et_pb_text][et_pb_text _builder_version=\u00a0\u00bb4.8.0&Prime; _module_preset=\u00a0\u00bbdefault\u00a0\u00bb]<\/p>\n<div class=\"gallerie-home\">\n<div class=\"item-gallerie\"><img decoding=\"async\" src=\"\/wp-content\/uploads\/2021\/01\/appareil-photo.png\"  alt=\"Appareil photo\"\/><\/div>\n<div class=\"item-gallerie\"><img decoding=\"async\" src=\"\/wp-content\/uploads\/2021\/01\/lecture.png\"  alt=\"Lecture\"\/><\/div>\n<div class=\"item-gallerie\"><img decoding=\"async\" src=\"\/wp-content\/uploads\/2021\/01\/table-mixage.png\" alt=\"table de mixage\" \/><\/div>\n<\/div>\n<p>[\/et_pb_text][et_pb_gallery gallery_ids=\u00a0\u00bb208,209,210&Prime; posts_number=\u00a0\u00bb3&Prime; show_title_and_caption=\u00a0\u00bboff\u00a0\u00bb show_pagination=\u00a0\u00bboff\u00a0\u00bb disabled_on=\u00a0\u00bbon|on|on\u00a0\u00bb module_id=\u00a0\u00bbgallerie_home\u00a0\u00bb _builder_version=\u00a0\u00bb4.8.0&Prime; _module_preset=\u00a0\u00bbdefault\u00a0\u00bb border_style_all_image=\u00a0\u00bbnone\u00a0\u00bb disabled=\u00a0\u00bbon\u00a0\u00bb][\/et_pb_gallery][\/et_pb_column][et_pb_column type=\u00a0\u00bb1_2&Prime; _builder_version=\u00a0\u00bb4.8.0&Prime; _module_preset=\u00a0\u00bbdefault\u00a0\u00bb][et_pb_text admin_label=\u00a0\u00bbprogress bar\u00a0\u00bb _builder_version=\u00a0\u00bb4.8.0&Prime; _module_preset=\u00a0\u00bbdefault\u00a0\u00bb hover_enabled=\u00a0\u00bb0&Prime; sticky_enabled=\u00a0\u00bb0&Prime;]<\/p>\n<div class=\"progress-block-group progress-block-group_mrg-left\">\n<div class=\"progress-block\">\n<div class=\"progress__title\">TV<\/div>\n<div class=\"progress progress-w-number progress_background\">\n<div class=\"progress-bar bg-primary\" style=\"width: 38%\"><\/div>\n<p>         <span class=\"progress-bar__number\">38%<\/span>\n      <\/div>\n<\/p><\/div>\n<div class=\"progress-block\">\n<div class=\"progress__title\">Digital<\/div>\n<div class=\"progress progress-w-number progress_background\">\n<div class=\"progress-bar bg-primary\" style=\"width: 25%\"><\/div>\n<p>         <span class=\"progress-bar__number\">25%<\/span>\n      <\/div>\n<\/p><\/div>\n<div class=\"progress-block\">\n<div class=\"progress__title\">Affichage<\/div>\n<div class=\"progress progress-w-number progress_background\">\n<div class=\"progress-bar bg-primary\" style=\"width: 12%\"><\/div>\n<p>         <span class=\"progress-bar__number\">12%<\/span>\n      <\/div>\n<\/p><\/div>\n<div class=\"progress-block\">\n<div class=\"progress__title\">Presse<\/div>\n<div class=\"progress progress-w-number progress_background\">\n<div class=\"progress-bar bg-primary\" style=\"width: 10%\"><\/div>\n<p>         <span class=\"progress-bar__number\">10%<\/span>\n      <\/div>\n<\/p><\/div>\n<div class=\"progress-block\">\n<div class=\"progress__title\">Radio<\/div>\n<div class=\"progress progress-w-number progress_background\">\n<div class=\"progress-bar bg-primary\" style=\"width: 10%\"><\/div>\n<p>         <span class=\"progress-bar__number\">10%<\/span>\n      <\/div>\n<\/p><\/div>\n<div class=\"progress-block\">\n<div class=\"progress__title\">Cin\u00e9ma<\/div>\n<div class=\"progress progress-w-number progress_background\">\n<div class=\"progress-bar bg-primary\" style=\"width: 5%\"><\/div>\n<p>         <span class=\"progress-bar__number\">5%<\/span>\n      <\/div>\n<\/p><\/div>\n<\/div>\n<p>[\/et_pb_text][\/et_pb_column][\/et_pb_row][\/et_pb_section][et_pb_section fb_built=\u00a0\u00bb1&Prime; _builder_version=\u00a0\u00bb4.8.0&Prime; _module_preset=\u00a0\u00bbdefault\u00a0\u00bb background_color=\u00a0\u00bb#f8f8f8&Prime;][et_pb_row _builder_version=\u00a0\u00bb4.8.0&Prime; _module_preset=\u00a0\u00bbdefault\u00a0\u00bb][et_pb_column type=\u00a0\u00bb4_4&Prime; _builder_version=\u00a0\u00bb4.8.0&Prime; _module_preset=\u00a0\u00bbdefault\u00a0\u00bb][et_pb_text _builder_version=\u00a0\u00bb4.8.0&Prime; _module_preset=\u00a0\u00bbdefault\u00a0\u00bb]<\/p>\n<h2 class=\"titre_h2 centrer margeauto padding30 typer bleu\" >Les secteurs d\u2019activit\u00e9 de nos clients<\/h2>\n<p>[\/et_pb_text][\/et_pb_column][\/et_pb_row][et_pb_row column_structure=\u00a0\u00bb1_3,1_3,1_3&Prime; _builder_version=\u00a0\u00bb4.8.0&Prime; _module_preset=\u00a0\u00bbdefault\u00a0\u00bb][et_pb_column type=\u00a0\u00bb1_3&Prime; _builder_version=\u00a0\u00bb4.8.0&Prime; _module_preset=\u00a0\u00bbdefault\u00a0\u00bb][et_pb_blurb title=\u00a0\u00bbFMCG\u00a0\u00bb image=\u00a0\u00bbhttps:\/\/www.premium-scm.fr\/wp-content\/uploads\/2021\/01\/valeurs.svg\u00a0\u00bb alt=\u00a0\u00bbIc\u00f4ne valeur\u00a0\u00bb module_id=\u00a0\u00bbresume_valeur\u00a0\u00bb module_class=\u00a0\u00bbeffect-border\u00a0\u00bb _builder_version=\u00a0\u00bb4.8.0&Prime; _module_preset=\u00a0\u00bbdefault\u00a0\u00bb]Avec 7 d\u00e9cisions d\u2019achats sur 10 prises en magasins, Premium travaille la pr\u00e9sence \u00e0 l\u2019esprit en amont des achats et sur le point de ventes. [\/et_pb_blurb][et_pb_blurb title=\u00a0\u00bbCaritatif\u00a0\u00bb image=\u00a0\u00bbhttps:\/\/www.premium-scm.fr\/wp-content\/uploads\/2021\/01\/analyse.svg\u00a0\u00bb alt=\u00a0\u00bbanalyse\u00a0\u00bb module_id=\u00a0\u00bbresume_valeur\u00a0\u00bb module_class=\u00a0\u00bbeffect-border\u00a0\u00bb _builder_version=\u00a0\u00bb4.8.0&Prime; _module_preset=\u00a0\u00bbdefault\u00a0\u00bb]Premium accompagne des ONG et Associations depuis sa cr\u00e9ation. L\u2019engagement pour des causes caritatives fait partie de son ADN. Des strat\u00e9gies d\u2019appel aux dons \u00e9prouv\u00e9es et approuv\u00e9es.[\/et_pb_blurb][\/et_pb_column][et_pb_column type=\u00a0\u00bb1_3&Prime; _builder_version=\u00a0\u00bb4.8.0&Prime; _module_preset=\u00a0\u00bbdefault\u00a0\u00bb][et_pb_blurb title=\u00a0\u00bbEquipement maison\u00a0\u00bb image=\u00a0\u00bbhttps:\/\/www.premium-scm.fr\/wp-content\/uploads\/2021\/01\/adn.svg\u00a0\u00bb alt=\u00a0\u00bbadn\u00a0\u00bb module_id=\u00a0\u00bbresume_valeur\u00a0\u00bb module_class=\u00a0\u00bbeffect-border equipement\u00a0\u00bb _builder_version=\u00a0\u00bb4.8.0&Prime; _module_preset=\u00a0\u00bbdefault\u00a0\u00bb]Le bien \u00eatre \u00e0 la maison plus que jamais un besoin des consommateurs, Premium accompagne des acteurs de ce march\u00e9 depuis plus de 20 ans. [\/et_pb_blurb][et_pb_blurb title=\u00a0\u00bbPure  Player\u00a0\u00bb image=\u00a0\u00bbhttps:\/\/www.premium-scm.fr\/wp-content\/uploads\/2021\/01\/005-tools.svg\u00a0\u00bb alt=\u00a0\u00bbicone tools\u00a0\u00bb module_id=\u00a0\u00bbresume_valeur\u00a0\u00bb module_class=\u00a0\u00bbeffect-border\u00a0\u00bb _builder_version=\u00a0\u00bb4.8.0&Prime; _module_preset=\u00a0\u00bbdefault\u00a0\u00bb]De la performance au branding, de nombreux acteurs purement digitaux nous ont fait confiance pour activer des strat\u00e9gies aux leads : SEA, Programmatique, Social ads, DRTV\u2026[\/et_pb_blurb][\/et_pb_column][et_pb_column type=\u00a0\u00bb1_3&Prime; _builder_version=\u00a0\u00bb4.8.0&Prime; _module_preset=\u00a0\u00bbdefault\u00a0\u00bb][et_pb_blurb title=\u00a0\u00bbEnseignes\u00a0\u00bb image=\u00a0\u00bbhttps:\/\/www.premium-scm.fr\/wp-content\/uploads\/2021\/01\/metier.svg\u00a0\u00bb alt=\u00a0\u00bbMetiers\u00a0\u00bb module_id=\u00a0\u00bbresume_valeur\u00a0\u00bb module_class=\u00a0\u00bbeffect-border\u00a0\u00bb _builder_version=\u00a0\u00bb4.8.0&Prime; _module_preset=\u00a0\u00bbdefault\u00a0\u00bb]A l\u2019heure du digital, les enseignes physiques sont particuli\u00e8rement challeng\u00e9s, Premium travaille des strat\u00e9gies drive to store nationales et locales ad\u2019hoc.[\/et_pb_blurb][et_pb_blurb title=\u00a0\u00bbModes-accessoires\u00a0\u00bb image=\u00a0\u00bbhttps:\/\/www.premium-scm.fr\/wp-content\/uploads\/2021\/01\/groupe.svg\u00a0\u00bb alt=\u00a0\u00bbgroupe\u00a0\u00bb module_id=\u00a0\u00bbresume_valeur\u00a0\u00bb module_class=\u00a0\u00bbeffect-border\u00a0\u00bb _builder_version=\u00a0\u00bb4.8.0&Prime; _module_preset=\u00a0\u00bbdefault\u00a0\u00bb]Des Millenials en passant par les Digital Mums jusqu\u2019au s\u00e9niors, ces cibles n\u2019ont pas de secrets pour nos experts m\u00e9dias, les meilleurs points de contacts sont exploit\u00e9s en fonction de la consommation m\u00e9dia de nos cibles et du produit \u00e0 pousser.[\/et_pb_blurb][\/et_pb_column][\/et_pb_row][et_pb_row _builder_version=\u00a0\u00bb4.8.0&Prime; _module_preset=\u00a0\u00bbdefault\u00a0\u00bb][et_pb_column type=\u00a0\u00bb4_4&Prime; _builder_version=\u00a0\u00bb4.8.0&Prime; _module_preset=\u00a0\u00bbdefault\u00a0\u00bb][et_pb_text admin_label=\u00a0\u00bbCTA\u00a0\u00bb _builder_version=\u00a0\u00bb4.8.0&Prime; _module_preset=\u00a0\u00bbdefault\u00a0\u00bb]<\/p>\n<p class=\"cta-bleu-bottom\"><a href=\"\/contact\">Contact<\/a><\/p>\n<p>[\/et_pb_text][\/et_pb_column][\/et_pb_row][\/et_pb_section]<\/p>\n","protected":false},"excerpt":{"rendered":"<p>[et_pb_section fb_built=\u00a0\u00bb1&Prime; fullwidth=\u00a0\u00bbon\u00a0\u00bb module_id=\u00a0\u00bbhome_section\u00a0\u00bb _builder_version=\u00a0\u00bb4.8.0&Prime; _module_preset=\u00a0\u00bbdefault\u00a0\u00bb use_background_color_gradient=\u00a0\u00bbon\u00a0\u00bb background_color_gradient_start=\u00a0\u00bbrgba(5,7,69,0.94)\u00a0\u00bb background_color_gradient_end=\u00a0\u00bbrgba(0,0,0,0)\u00a0\u00bb background_color_gradient_start_position=\u00a0\u00bb22.43%\u00a0\u00bb background_color_gradient_end_position=\u00a0\u00bb122.53%\u00a0\u00bb][et_pb_fullwidth_slider module_id=\u00a0\u00bbslide_home\u00a0\u00bb _builder_version=\u00a0\u00bb4.8.0&Prime; _module_preset=\u00a0\u00bbdefault\u00a0\u00bb animation_direction=\u00a0\u00bbright\u00a0\u00bb][et_pb_slide heading=\u00a0\u00bbAgence m\u00e9dia ind\u00e9pendante\u00a0\u00bb _builder_version=\u00a0\u00bb4.8.0&Prime; _module_preset=\u00a0\u00bbdefault\u00a0\u00bb header_level=\u00a0\u00bbh1&Prime; background_enable_color=\u00a0\u00bboff\u00a0\u00bb use_background_color_gradient=\u00a0\u00bbon\u00a0\u00bb background_color_gradient_start=\u00a0\u00bbrgba(5,7,69,0.94)\u00a0\u00bb background_color_gradient_end=\u00a0\u00bbrgba(0,0,0,0)\u00a0\u00bb background_color_gradient_start_position=\u00a0\u00bb22.43%\u00a0\u00bb background_color_gradient_end_position=\u00a0\u00bb122.53%\u00a0\u00bb background_color_gradient_overlays_image=\u00a0\u00bbon\u00a0\u00bb background_image=\u00a0\u00bbhttps:\/\/www.premium-scm.fr\/wp-content\/uploads\/2021\/01\/devices.jpg\u00a0\u00bb background_enable_image=\u00a0\u00bbon\u00a0\u00bb hover_transition_speed_curve=\u00a0\u00bbease-in-out\u00a0\u00bb sticky_transition=\u00a0\u00bbon\u00a0\u00bb] Vos objectifs qualitatifs et quantitatifs sont atteints gr\u00e2ce \u00e0 un accompagnement sur-mesure : cr\u00e9ativit\u00e9 pour garantir l\u2019impact de vos messages, rigueur dans la [&hellip;]<\/p>\n","protected":false},"author":1,"featured_media":0,"parent":0,"menu_order":0,"comment_status":"closed","ping_status":"closed","template":"","meta":{"_et_pb_use_builder":"on","_et_pb_old_content":"","_et_gb_content_width":"","footnotes":""},"class_list":["post-7","page","type-page","status-publish","hentry"],"_links":{"self":[{"href":"https:\/\/www.premium-scm.fr\/index.php\/wp-json\/wp\/v2\/pages\/7","targetHints":{"allow":["GET"]}}],"collection":[{"href":"https:\/\/www.premium-scm.fr\/index.php\/wp-json\/wp\/v2\/pages"}],"about":[{"href":"https:\/\/www.premium-scm.fr\/index.php\/wp-json\/wp\/v2\/types\/page"}],"author":[{"embeddable":true,"href":"https:\/\/www.premium-scm.fr\/index.php\/wp-json\/wp\/v2\/users\/1"}],"replies":[{"embeddable":true,"href":"https:\/\/www.premium-scm.fr\/index.php\/wp-json\/wp\/v2\/comments?post=7"}],"version-history":[{"count":110,"href":"https:\/\/www.premium-scm.fr\/index.php\/wp-json\/wp\/v2\/pages\/7\/revisions"}],"predecessor-version":[{"id":547,"href":"https:\/\/www.premium-scm.fr\/index.php\/wp-json\/wp\/v2\/pages\/7\/revisions\/547"}],"wp:attachment":[{"href":"https:\/\/www.premium-scm.fr\/index.php\/wp-json\/wp\/v2\/media?parent=7"}],"curies":[{"name":"wp","href":"https:\/\/api.w.org\/{rel}","templated":true}]}}