{"id":83,"date":"2021-01-14T10:39:14","date_gmt":"2021-01-14T09:39:14","guid":{"rendered":"https:\/\/www.premium-scm.fr\/?page_id=83"},"modified":"2021-01-26T15:04:03","modified_gmt":"2021-01-26T14:04:03","slug":"expertises","status":"publish","type":"page","link":"https:\/\/www.premium-scm.fr\/expertises","title":{"rendered":"Expertises"},"content":{"rendered":"<p>[et_pb_section fb_built=\u00a0\u00bb1&Prime; module_id=\u00a0\u00bbhome_expertise\u00a0\u00bb _builder_version=\u00a0\u00bb4.8.0&Prime; use_background_color_gradient=\u00a0\u00bbon\u00a0\u00bb background_color_gradient_start=\u00a0\u00bbrgba(5,7,69,0.94)\u00a0\u00bb background_color_gradient_end=\u00a0\u00bbrgba(0,0,0,0)\u00a0\u00bb background_color_gradient_start_position=\u00a0\u00bb22.43%\u00a0\u00bb background_color_gradient_end_position=\u00a0\u00bb122.53%\u00a0\u00bb background_color_gradient_overlays_image=\u00a0\u00bbon\u00a0\u00bb background_image=\u00a0\u00bbhttps:\/\/www.premium-scm.fr\/wp-content\/uploads\/2021\/01\/expertises.jpg\u00a0\u00bb][et_pb_row module_id=\u00a0\u00bbrow_exprtise\u00a0\u00bb module_class=\u00a0\u00bbrow1440&Prime; _builder_version=\u00a0\u00bb4.8.0&Prime;][et_pb_column type=\u00a0\u00bb4_4&Prime; _builder_version=\u00a0\u00bb4.3.1&Prime;][et_pb_text _builder_version=\u00a0\u00bb4.8.0&Prime; _module_preset=\u00a0\u00bbdefault\u00a0\u00bb]<\/p>\n<h1 class=\"titre_h1 centrer\">Expertises<\/h1>\n<p>[\/et_pb_text][\/et_pb_column][\/et_pb_row][\/et_pb_section][et_pb_section fb_built=\u00a0\u00bb1&Prime; _builder_version=\u00a0\u00bb4.8.0&Prime; _module_preset=\u00a0\u00bbdefault\u00a0\u00bb][et_pb_row column_structure=\u00a0\u00bb1_2,1_2&Prime; _builder_version=\u00a0\u00bb4.8.0&Prime; _module_preset=\u00a0\u00bbdefault\u00a0\u00bb][et_pb_column type=\u00a0\u00bb1_2&Prime; module_id=\u00a0\u00bbcolonne_media\u00a0\u00bb _builder_version=\u00a0\u00bb4.8.0&Prime; _module_preset=\u00a0\u00bbdefault\u00a0\u00bb][et_pb_blurb title=\u00a0\u00bbNos expertises\u00a0\u00bb image=\u00a0\u00bbhttps:\/\/www.premium-scm.fr\/wp-content\/uploads\/2021\/01\/planning_strategique.png\u00a0\u00bb alt=\u00a0\u00bbcerveau\u00a0\u00bb module_id=\u00a0\u00bbresume_expertise\u00a0\u00bb _builder_version=\u00a0\u00bb4.8.0&Prime; _module_preset=\u00a0\u00bbdefault\u00a0\u00bb]La croissance des marques est un d\u00e9fi qui nous passionne. Pour en garantir l\u2019efficacit\u00e9, vous avez besoin d&rsquo;une vue globale de l&rsquo;ensemble du syst\u00e8me de communication. En tant que partenaire de confiance de plus de 50 marques, nous nous engageons \u00e0 maintenir nos clients \u00e0 l&rsquo;avant-garde d&rsquo;un secteur en constante \u00e9volution, qu&rsquo;il s&rsquo;agisse de l&rsquo;image de marque, de la performance ou du e-commerce.[\/et_pb_blurb][et_pb_text _builder_version=\u00a0\u00bb4.8.0&Prime; _module_preset=\u00a0\u00bbdefault\u00a0\u00bb]<\/p>\n<p class=\"p_content bleu\">Pour y arriver, nous mettons nos expertises au service de vos communications :\n<\/p>\n<p>[\/et_pb_text][\/et_pb_column][et_pb_column type=\u00a0\u00bb1_2&Prime; _builder_version=\u00a0\u00bb4.8.0&Prime; _module_preset=\u00a0\u00bbdefault\u00a0\u00bb][et_pb_image src=\u00a0\u00bbhttps:\/\/www.premium-scm.fr\/wp-content\/uploads\/2021\/01\/nous-travaillons-a-votre-communication-scaled.jpeg\u00a0\u00bb alt=\u00a0\u00bbnous travaillons a votre communication\u00a0\u00bb title_text=\u00a0\u00bbBusiness people meeting at office and use post it notes to share idea. Brainstorming concept. Sticky note on glass wall\u00a0\u00bb module_id=\u00a0\u00bbimage_people\u00a0\u00bb _builder_version=\u00a0\u00bb4.8.0&Prime; _module_preset=\u00a0\u00bbdefault\u00a0\u00bb hover_enabled=\u00a0\u00bb0&Prime; sticky_enabled=\u00a0\u00bb0&Prime;][\/et_pb_image][\/et_pb_column][\/et_pb_row][\/et_pb_section][et_pb_section fb_built=\u00a0\u00bb1&Prime; module_id=\u00a0\u00bbsection_expertise\u00a0\u00bb _builder_version=\u00a0\u00bb4.8.0&Prime; use_background_color_gradient=\u00a0\u00bbon\u00a0\u00bb background_color_gradient_start=\u00a0\u00bbrgba(0,0,0,0.87)\u00a0\u00bb background_color_gradient_end=\u00a0\u00bbrgba(0,0,0,0)\u00a0\u00bb background_color_gradient_start_position=\u00a0\u00bb22.43%\u00a0\u00bb background_color_gradient_end_position=\u00a0\u00bb122.53%\u00a0\u00bb background_color_gradient_overlays_image=\u00a0\u00bbon\u00a0\u00bb background_image=\u00a0\u00bbhttps:\/\/www.premium-scm.fr\/wp-content\/uploads\/2021\/01\/au-travail.png\u00a0\u00bb][et_pb_row _builder_version=\u00a0\u00bb4.3.1&Prime;][et_pb_column type=\u00a0\u00bb4_4&Prime; _builder_version=\u00a0\u00bb4.3.1&Prime;][et_pb_tabs module_id=\u00a0\u00bbtab_mission\u00a0\u00bb module_class=\u00a0\u00bbexpertise\u00a0\u00bb _builder_version=\u00a0\u00bb4.8.0&Prime; _module_preset=\u00a0\u00bbdefault\u00a0\u00bb][et_pb_tab title=\u00a0\u00bbConseil media\u00a0\u00bb _builder_version=\u00a0\u00bb4.8.0&Prime; _module_preset=\u00a0\u00bbdefault\u00a0\u00bb]<\/p>\n<h3 class=\"titre_h3 padding40 borderbas hide-mobile\">Conseil media<\/h3>\n<ul class=\"ul-simple top20\">\n<li>Nous devons connaitre parfaitement le march\u00e9 de nos clients pour mieux appr\u00e9hender leurs enjeux. Cette implication permet d\u2019en tirer des analyses business et consommateurs, de travailler le planning strat\u00e9gique afin de d\u00e9couvrir les insights qui seront les leviers de croissance.<\/li>\n<li>La connaissance parfaite des univers concurrentiels de vos march\u00e9s permettra de trouver les meilleurs moyens d\u2019\u00e9mergence et donc d\u2019efficacit\u00e9 media<\/li>\n<li>Nous approfondissons l\u2019\u00e9tude des cibles afin de minimiser la d\u00e9perdition et maximiser l\u2019affinit\u00e9 avec les publics auxquels nous allons nous adresser.<\/li>\n<li>Cette approche, alli\u00e9e \u00e0 une connaissance profonde des m\u00e9dias online et offline \u00e0 notre disposition, permettra de construire pour vous les architectures de connections les plus efficaces au service de vos objectifs.<\/li>\n<li>La s\u00e9niorit\u00e9 des \u00e9quipes, dot\u00e9es d\u2019une forte exp\u00e9rience d\u2019un grand nombre de probl\u00e9matiques sur des secteurs tr\u00e8s vari\u00e9s, permet une prise en main des sujets rapide, une proximit\u00e9 imm\u00e9diate, un relationnel fluide et une recherche de solutions pertinentes. Cette singularit\u00e9, sp\u00e9cifique \u00e0 l\u2019agence media Premium, explique en grande partie la longue fid\u00e9lit\u00e9 de nos clients.<\/li>\n<\/ul>\n<p>[\/et_pb_tab][et_pb_tab title=\u00a0\u00bbAchat d\u2019espaces  Media planning\u00a0\u00bb _builder_version=\u00a0\u00bb4.8.0&Prime; _module_preset=\u00a0\u00bbdefault\u00a0\u00bb]<\/p>\n<h3 class=\"titre_h3 padding40 borderbas hide-mobile\">Achat d\u2019espaces Media planning<\/h3>\n<ul class=\"ul-simple top20\">\n<li>Notre expertise aigue des nombreux points de contacts qui sont aujourd\u2019hui tous digitalis\u00e9s doit \u00eatre constamment mise \u00e0 jour par l\u2019int\u00e9gration de la data dans l\u2019optimisation du media planning.<\/li>\n<li>Gr\u00e2ce aux outils que nous maitrisons, nous pouvons ainsi orchestrer des campagnes nationales ou locales, g\u00e9olocaliser une zone afin d\u2019accroitre la couverture d\u2019une agglom\u00e9ration, renforcer le Drive to web et Drive to store par des m\u00e9caniques \u00e9prouv\u00e9es et mesurables. <\/li>\n<li>N\u00e9gocier au mieux de vos int\u00e9r\u00eats reste la mission de base de notre m\u00e9tier. L\u2019achat d\u2019espaces media est une mission complexe et minutieuse : obtenir les meilleurs taux de n\u00e9gociation bien s\u00fbr mais \u00e9galement chercher un contexte de r\u00e9ception Premium en mesure de garantir l\u2019impact des contacts : emplacements, visibilit\u00e9, localisation, etc.<\/li>\n<\/ul>\n<p>[\/et_pb_tab][et_pb_tab title=\u00a0\u00bbMesure\u00a0\u00bb _builder_version=\u00a0\u00bb4.8.0&Prime; _module_preset=\u00a0\u00bbdefault\u00a0\u00bb]<\/p>\n<h3 class=\"titre_h3 padding40 borderbas hide-mobile\">Mesure<\/h3>\n<ul class=\"ul-simple top20\">\n<li>Nous recommandons, \u00e0 chaque prise de parole, de mesurer l\u2019efficacit\u00e9 des actions entreprises. Il est important, dans ce monde en constante \u00e9volution d\u2019\u00e9valuer si le syst\u00e8me de communication r\u00e9pond aux KPIs fix\u00e9s, de tester de nouveaux leviers ou d\u2019en d\u00e9velopper d\u2019autres.<\/li>\n<li>Syst\u00e9matiquement, nous proposons ensemble les solutions les plus ad\u00e9quates : instituts d\u2019\u00e9tude et\/ou KPIS \u00e0 \u00e9tudier.<\/li>\n<\/ul>\n<p>[\/et_pb_tab][\/et_pb_tabs][\/et_pb_column][\/et_pb_row][\/et_pb_section][et_pb_section fb_built=\u00a0\u00bb1&Prime; disabled_on=\u00a0\u00bbon|on|on\u00a0\u00bb _builder_version=\u00a0\u00bb4.8.0&Prime; _module_preset=\u00a0\u00bbdefault\u00a0\u00bb background_color=\u00a0\u00bb#f8f8f8&Prime; disabled=\u00a0\u00bbon\u00a0\u00bb][et_pb_row column_structure=\u00a0\u00bb1_3,1_3,1_3&Prime; _builder_version=\u00a0\u00bb4.8.0&Prime; _module_preset=\u00a0\u00bbdefault\u00a0\u00bb][et_pb_column type=\u00a0\u00bb1_3&Prime; _builder_version=\u00a0\u00bb4.8.0&Prime; _module_preset=\u00a0\u00bbdefault\u00a0\u00bb][et_pb_blurb title=\u00a0\u00bbNos valeurs\u00a0\u00bb image=\u00a0\u00bbhttps:\/\/www.premium-scm.fr\/wp-content\/uploads\/2021\/01\/valeurs.svg\u00a0\u00bb alt=\u00a0\u00bbIc\u00f4ne valeur\u00a0\u00bb admin_label=\u00a0\u00bbNos valeurs\u00a0\u00bb module_id=\u00a0\u00bbresume_valeur\u00a0\u00bb module_class=\u00a0\u00bbeffect-border bleu\u00a0\u00bb _builder_version=\u00a0\u00bb4.8.0&Prime; _module_preset=\u00a0\u00bbdefault\u00a0\u00bb]Ind\u00e9pendance, transparence et libert\u00e9 de ton permettront de vous guider dans une relation de confiance et de vous conseiller pour choisir les leviers qui r\u00e9pondront au mieux \u00e0 vos objectifs.[\/et_pb_blurb][\/et_pb_column][et_pb_column type=\u00a0\u00bb1_3&Prime; _builder_version=\u00a0\u00bb4.8.0&Prime; _module_preset=\u00a0\u00bbdefault\u00a0\u00bb][et_pb_blurb title=\u00a0\u00bbNos m\u00e9tiers\u00a0\u00bb image=\u00a0\u00bbhttps:\/\/www.premium-scm.fr\/wp-content\/uploads\/2021\/01\/metier.svg\u00a0\u00bb alt=\u00a0\u00bbMetiers\u00a0\u00bb admin_label=\u00a0\u00bbNos m\u00e9tiers\u00a0\u00bb module_id=\u00a0\u00bbresume_valeur\u00a0\u00bb module_class=\u00a0\u00bbeffect-border bleu equipement_expert\u00a0\u00bb _builder_version=\u00a0\u00bb4.8.0&Prime; _module_preset=\u00a0\u00bbdefault\u00a0\u00bb]Le conseil au c\u0153ur de  nos \u00e9changes viendra nourrir nos choix de leviers, la n\u00e9gociation omnipr\u00e9sente ne viendra pas entacher notre cr\u00e9ativit\u00e9 m\u00e9dia et la mesure primera afin de r\u00e9pondre de la mani\u00e8re la plus pr\u00e9cise aux KPI\u2019s d\u00e9finis ensemble.[\/et_pb_blurb][\/et_pb_column][et_pb_column type=\u00a0\u00bb1_3&Prime; _builder_version=\u00a0\u00bb4.8.0&Prime; _module_preset=\u00a0\u00bbdefault\u00a0\u00bb][et_pb_blurb title=\u00a0\u00bbNos outils\u00a0\u00bb image=\u00a0\u00bbhttps:\/\/www.premium-scm.fr\/wp-content\/uploads\/2021\/01\/005-tools.svg\u00a0\u00bb alt=\u00a0\u00bbicone tools\u00a0\u00bb admin_label=\u00a0\u00bbNos outils\u00a0\u00bb module_id=\u00a0\u00bbresume_valeur\u00a0\u00bb module_class=\u00a0\u00bbeffect-border bleu\u00a0\u00bb _builder_version=\u00a0\u00bb4.8.0&Prime; _module_preset=\u00a0\u00bbdefault\u00a0\u00bb]Mise \u00e0 disposition de l\u2019ensemble des principaux outils et \u00e9tudes du march\u00e9. [\/et_pb_blurb][\/et_pb_column][\/et_pb_row][et_pb_row column_structure=\u00a0\u00bb1_2,1_2&Prime; module_id=\u00a0\u00bbrow_expertises_five\u00a0\u00bb _builder_version=\u00a0\u00bb4.8.0&Prime; _module_preset=\u00a0\u00bbdefault\u00a0\u00bb][et_pb_column type=\u00a0\u00bb1_2&Prime; _builder_version=\u00a0\u00bb4.8.0&Prime; _module_preset=\u00a0\u00bbdefault\u00a0\u00bb][et_pb_blurb title=\u00a0\u00bbChiffres\u00a0\u00bb image=\u00a0\u00bbhttps:\/\/www.premium-scm.fr\/wp-content\/uploads\/2021\/01\/analyse.svg\u00a0\u00bb alt=\u00a0\u00bbanalyse\u00a0\u00bb admin_label=\u00a0\u00bbChiffres\u00a0\u00bb module_id=\u00a0\u00bbresume_valeur\u00a0\u00bb module_class=\u00a0\u00bbeffect-border bleu\u00a0\u00bb _builder_version=\u00a0\u00bb4.8.0&Prime; _module_preset=\u00a0\u00bbdefault\u00a0\u00bb]Quelques chiffres pour mieux nous conna\u00eetre. [\/et_pb_blurb][\/et_pb_column][et_pb_column type=\u00a0\u00bb1_2&Prime; _builder_version=\u00a0\u00bb4.8.0&Prime; _module_preset=\u00a0\u00bbdefault\u00a0\u00bb][et_pb_blurb title=\u00a0\u00bbL&rsquo;\u00e9quipe\u00a0\u00bb image=\u00a0\u00bbhttps:\/\/www.premium-scm.fr\/wp-content\/uploads\/2021\/01\/groupe.svg\u00a0\u00bb alt=\u00a0\u00bbgroupe\u00a0\u00bb admin_label=\u00a0\u00bbL&rsquo;\u00e9quipe\u00a0\u00bb module_id=\u00a0\u00bbresume_valeur\u00a0\u00bb module_class=\u00a0\u00bbeffect-border bleu\u00a0\u00bb _builder_version=\u00a0\u00bb4.8.0&Prime; _module_preset=\u00a0\u00bbdefault\u00a0\u00bb]Une \u00e9quipe \u00e0 taille humaine, riche de diverses exp\u00e9riences professionnelles et personnelles venant nourrir nos \u00e9changes et l\u2019avanc\u00e9e des projets.<br \/>\nUne envie commune d\u2019\u00eatre votre partenaire et non votre prestataire. [\/et_pb_blurb][\/et_pb_column][\/et_pb_row][\/et_pb_section][et_pb_section fb_built=\u00a0\u00bb1&Prime; _builder_version=\u00a0\u00bb4.8.0&Prime; use_background_color_gradient=\u00a0\u00bbon\u00a0\u00bb background_color_gradient_start=\u00a0\u00bbrgba(32,37,193,0.87)\u00a0\u00bb background_color_gradient_end=\u00a0\u00bbrgba(10,21,64,0.97)\u00a0\u00bb background_color_gradient_direction=\u00a0\u00bb213.11deg\u00a0\u00bb background_color_gradient_start_position=\u00a0\u00bb1.28%\u00a0\u00bb background_color_gradient_overlays_image=\u00a0\u00bbon\u00a0\u00bb background_image=\u00a0\u00bbhttps:\/\/www.premium-scm.fr\/wp-content\/uploads\/2021\/01\/fond-separation.png\u00a0\u00bb][et_pb_row column_structure=\u00a0\u00bb2_3,1_3&Prime; module_id=\u00a0\u00bbrow_contact\u00a0\u00bb _builder_version=\u00a0\u00bb4.8.0&Prime; _module_preset=\u00a0\u00bbdefault\u00a0\u00bb][et_pb_column type=\u00a0\u00bb2_3&Prime; _builder_version=\u00a0\u00bb4.8.0&Prime; _module_preset=\u00a0\u00bbdefault\u00a0\u00bb][et_pb_text _builder_version=\u00a0\u00bb4.8.0&Prime; _module_preset=\u00a0\u00bbdefault\u00a0\u00bb]<\/p>\n<p class=\"titre_section white\">Envie de d\u00e9couvrir les insights qui seront<br \/>\nles leviers de votre croissance ?<\/p>\n<p class=\"p_content white uppercase space_3\">Nous mettons nos expertises au service de vos communications<\/p>\n<p>[\/et_pb_text][\/et_pb_column][et_pb_column type=\u00a0\u00bb1_3&Prime; _builder_version=\u00a0\u00bb4.8.0&Prime; _module_preset=\u00a0\u00bbdefault\u00a0\u00bb][et_pb_text _builder_version=\u00a0\u00bb4.8.0&Prime; _module_preset=\u00a0\u00bbdefault\u00a0\u00bb]<\/p>\n<p class=\"cta-contact\"><a href=\"\/contact\">Contactez-nous<\/a><\/p>\n<p>[\/et_pb_text][\/et_pb_column][\/et_pb_row][\/et_pb_section]<\/p>\n","protected":false},"excerpt":{"rendered":"<p>[et_pb_section fb_built=\u00a0\u00bb1&Prime; module_id=\u00a0\u00bbhome_expertise\u00a0\u00bb _builder_version=\u00a0\u00bb4.8.0&Prime; use_background_color_gradient=\u00a0\u00bbon\u00a0\u00bb background_color_gradient_start=\u00a0\u00bbrgba(5,7,69,0.94)\u00a0\u00bb background_color_gradient_end=\u00a0\u00bbrgba(0,0,0,0)\u00a0\u00bb background_color_gradient_start_position=\u00a0\u00bb22.43%\u00a0\u00bb background_color_gradient_end_position=\u00a0\u00bb122.53%\u00a0\u00bb background_color_gradient_overlays_image=\u00a0\u00bbon\u00a0\u00bb background_image=\u00a0\u00bbhttps:\/\/www.premium-scm.fr\/wp-content\/uploads\/2021\/01\/expertises.jpg\u00a0\u00bb][et_pb_row module_id=\u00a0\u00bbrow_exprtise\u00a0\u00bb module_class=\u00a0\u00bbrow1440&Prime; _builder_version=\u00a0\u00bb4.8.0&Prime;][et_pb_column type=\u00a0\u00bb4_4&Prime; _builder_version=\u00a0\u00bb4.3.1&Prime;][et_pb_text _builder_version=\u00a0\u00bb4.8.0&Prime; _module_preset=\u00a0\u00bbdefault\u00a0\u00bb] Expertises [\/et_pb_text][\/et_pb_column][\/et_pb_row][\/et_pb_section][et_pb_section fb_built=\u00a0\u00bb1&Prime; _builder_version=\u00a0\u00bb4.8.0&Prime; _module_preset=\u00a0\u00bbdefault\u00a0\u00bb][et_pb_row column_structure=\u00a0\u00bb1_2,1_2&Prime; _builder_version=\u00a0\u00bb4.8.0&Prime; _module_preset=\u00a0\u00bbdefault\u00a0\u00bb][et_pb_column type=\u00a0\u00bb1_2&Prime; module_id=\u00a0\u00bbcolonne_media\u00a0\u00bb _builder_version=\u00a0\u00bb4.8.0&Prime; _module_preset=\u00a0\u00bbdefault\u00a0\u00bb][et_pb_blurb title=\u00a0\u00bbNos expertises\u00a0\u00bb image=\u00a0\u00bbhttps:\/\/www.premium-scm.fr\/wp-content\/uploads\/2021\/01\/planning_strategique.png\u00a0\u00bb alt=\u00a0\u00bbcerveau\u00a0\u00bb module_id=\u00a0\u00bbresume_expertise\u00a0\u00bb _builder_version=\u00a0\u00bb4.8.0&Prime; _module_preset=\u00a0\u00bbdefault\u00a0\u00bb]La croissance des marques est un d\u00e9fi qui nous passionne. Pour en garantir l\u2019efficacit\u00e9, vous avez besoin d&rsquo;une vue [&hellip;]<\/p>\n","protected":false},"author":1,"featured_media":0,"parent":0,"menu_order":0,"comment_status":"closed","ping_status":"closed","template":"","meta":{"_et_pb_use_builder":"on","_et_pb_old_content":"","_et_gb_content_width":"","footnotes":""},"class_list":["post-83","page","type-page","status-publish","hentry"],"_links":{"self":[{"href":"https:\/\/www.premium-scm.fr\/index.php\/wp-json\/wp\/v2\/pages\/83","targetHints":{"allow":["GET"]}}],"collection":[{"href":"https:\/\/www.premium-scm.fr\/index.php\/wp-json\/wp\/v2\/pages"}],"about":[{"href":"https:\/\/www.premium-scm.fr\/index.php\/wp-json\/wp\/v2\/types\/page"}],"author":[{"embeddable":true,"href":"https:\/\/www.premium-scm.fr\/index.php\/wp-json\/wp\/v2\/users\/1"}],"replies":[{"embeddable":true,"href":"https:\/\/www.premium-scm.fr\/index.php\/wp-json\/wp\/v2\/comments?post=83"}],"version-history":[{"count":68,"href":"https:\/\/www.premium-scm.fr\/index.php\/wp-json\/wp\/v2\/pages\/83\/revisions"}],"predecessor-version":[{"id":554,"href":"https:\/\/www.premium-scm.fr\/index.php\/wp-json\/wp\/v2\/pages\/83\/revisions\/554"}],"wp:attachment":[{"href":"https:\/\/www.premium-scm.fr\/index.php\/wp-json\/wp\/v2\/media?parent=83"}],"curies":[{"name":"wp","href":"https:\/\/api.w.org\/{rel}","templated":true}]}}